{"id":23629,"date":"2025-03-25T22:49:34","date_gmt":"2025-03-25T21:49:34","guid":{"rendered":"https:\/\/francetrotting.com\/?page_id=23629"},"modified":"2025-03-25T22:49:34","modified_gmt":"2025-03-25T21:49:34","slug":"booking-request","status":"publish","type":"page","link":"https:\/\/francetrotting.com\/it\/booking-request\/","title":{"rendered":"Booking Request"},"content":{"rendered":"<section class=\"wpb-content-wrapper\">[vc_row css=&#8221;.vc_custom_1592899481672{margin-top: 20px !important;}&#8221;][vc_column][vc_column_text]<div class=\"frm_forms  with_frm_style frm_style_formidable-style\" id=\"frm_form_7_container\" >\n<form enctype=\"multipart\/form-data\" method=\"post\" class=\"frm-show-form  frm_pro_form \" id=\"form_contact4\"  >\n<div class=\"frm_form_fields \">\n<fieldset>\n<legend class=\"frm_hidden\"> Booking request<\/legend>\r\n\r\n<div class=\"frm_fields_container\">\n<input type=\"hidden\" name=\"frm_action\" value=\"create\" \/>\n<input type=\"hidden\" name=\"form_id\" value=\"7\" \/>\n<input type=\"hidden\" name=\"frm_hide_fields_7\" id=\"frm_hide_fields_7\" value=\"\" \/>\n<input type=\"hidden\" name=\"form_key\" value=\"contact4\" \/>\n<input type=\"hidden\" name=\"item_meta[0]\" value=\"\" \/>\n<input type=\"hidden\" id=\"frm_submit_entry_7\" name=\"frm_submit_entry_7\" value=\"ba038083c8\" \/><input type=\"hidden\" name=\"_wp_http_referer\" value=\"\/it\/wp-json\/wp\/v2\/pages\/23629\" \/><div id=\"frm_field_84_container\" class=\"frm_form_field form-field  frm_required_field frm_top_container frm_first frm_half\">\r\n    <label for=\"field_itt5me3\" class=\"frm_primary_label\"> Name\r\n        <span class=\"frm_required\">*<\/span>\r\n    <\/label>\r\n    <input type=\"text\" id=\"field_itt5me3\" name=\"item_meta[84]\" value=\"\"  data-reqmsg=\"Detta f\u00e4lt kan inte vara tomt.\" aria-required=\"true\" data-invmsg=\"Namn \u00e4r ogiltigt\" aria-invalid=\"false\"  \/>\r\n    \r\n    \r\n<\/div>\n<div id=\"frm_field_81_container\" class=\"frm_form_field form-field  frm_top_container frm_fourth\">\r\n    <label for=\"field_qh4icy4\" class=\"frm_primary_label\">Company\r\n        <span class=\"frm_required\"><\/span>\r\n    <\/label>\r\n    <input type=\"text\" id=\"field_qh4icy4\" name=\"item_meta[81]\" value=\"\"  data-invmsg=\"F\u00f6retag \u00e4r ogiltigt\" aria-invalid=\"false\"  \/>\r\n    \r\n    \r\n<\/div>\n<div id=\"frm_field_91_container\" class=\"frm_form_field form-field  frm_required_field frm_top_container frm_first frm_half\">\r\n    <label for=\"field_s4574\" class=\"frm_primary_label\"> Address\r\n        <span class=\"frm_required\">*<\/span>\r\n    <\/label>\r\n    <input type=\"text\" id=\"field_s4574\" name=\"item_meta[91]\" value=\"\"  data-reqmsg=\"Detta f\u00e4lt kan inte vara tomt.\" aria-required=\"true\" data-invmsg=\"Adress \u00e4r ogiltigt\" aria-invalid=\"false\"  \/>\r\n    \r\n    \r\n<\/div>\n<div id=\"frm_field_94_container\" class=\"frm_form_field form-field  frm_required_field frm_top_container frm_fourth\">\r\n    <label for=\"field_xz4hx\" class=\"frm_primary_label\">Postal code\r\n        <span class=\"frm_required\">*<\/span>\r\n    <\/label>\r\n    <input type=\"text\" id=\"field_xz4hx\" name=\"item_meta[94]\" value=\"\"  data-reqmsg=\"Detta f\u00e4lt kan inte vara tomt.\" aria-required=\"true\" data-invmsg=\"Postnummer \u00e4r ogiltigt\" aria-invalid=\"false\"  \/>\r\n    \r\n    \r\n<\/div>\n<div id=\"frm_field_93_container\" class=\"frm_form_field form-field  frm_required_field frm_top_container frm_fourth\">\r\n    <label for=\"field_ls6z2\" class=\"frm_primary_label\">City\r\n        <span class=\"frm_required\">*<\/span>\r\n    <\/label>\r\n    <input type=\"text\" id=\"field_ls6z2\" name=\"item_meta[93]\" value=\"\"  data-reqmsg=\"Detta f\u00e4lt kan inte vara tomt.\" aria-required=\"true\" data-invmsg=\"Ort \u00e4r ogiltigt\" aria-invalid=\"false\"  \/>\r\n    \r\n    \r\n<\/div>\n<div id=\"frm_field_95_container\" class=\"frm_form_field form-field  frm_required_field frm_top_container frm_first frm_half\">\r\n    <label for=\"field_6ey6l\" class=\"frm_primary_label\"> Phone\r\n        <span class=\"frm_required\">*<\/span>\r\n    <\/label>\r\n    <input type=\"text\" id=\"field_6ey6l\" name=\"item_meta[95]\" value=\"\"  data-reqmsg=\"Detta f\u00e4lt kan inte vara tomt.\" aria-required=\"true\" data-invmsg=\"Telefon \u00e4r ogiltigt\" aria-invalid=\"false\"  \/>\r\n    \r\n    \r\n<\/div>\n<div id=\"frm_field_83_container\" class=\"frm_form_field form-field  frm_required_field frm_top_container frm_half\">\r\n    <label for=\"field_29yf4d4\" class=\"frm_primary_label\">E-mail\r\n        <span class=\"frm_required\">*<\/span>\r\n    <\/label>\r\n    <input type=\"email\" id=\"field_29yf4d4\" name=\"item_meta[83]\" value=\"\"  data-reqmsg=\"Detta f\u00e4lt kan inte vara tomt.\" aria-required=\"true\" data-invmsg=\"Please enter a valid email address\" aria-invalid=\"false\"  \/>\r\n    \r\n    \r\n<\/div>\n<div id=\"frm_field_85_container\" class=\"frm_form_field form-field  frm_top_container frm_full\">\r\n    <label for=\"field_e6lis64\" class=\"frm_primary_label\"> The mare's name and SIRE number\r\n        <span class=\"frm_required\"><\/span>\r\n    <\/label>\r\n    <input type=\"text\" id=\"field_e6lis64\" name=\"item_meta[85]\" value=\"\"  data-invmsg=\"Stoets namn \u00e4r ogiltigt\" aria-invalid=\"false\"  \/>\r\n    \r\n    \r\n<\/div>\n<div id=\"frm_field_97_container\" class=\"frm_form_field form-field  frm_required_field frm_top_container frm_full\">\r\n    <label for=\"field_noqha\" class=\"frm_primary_label\">Chosen stallion\r\n        <span class=\"frm_required\">*<\/span>\r\n    <\/label>\r\n    <input type=\"text\" id=\"field_noqha\" name=\"item_meta[97]\" value=\"\"  data-reqmsg=\"Detta f\u00e4lt kan inte vara tomt.\" aria-required=\"true\" data-invmsg=\"\u00d6nskad hingst och bet\u00e4cknings\u00e5r \u00e4r ogiltigt\" aria-invalid=\"false\"  \/>\r\n    \r\n    \r\n<\/div>\n<div id=\"frm_field_98_container\" class=\"frm_form_field form-field  frm_top_container frm_full\">\r\n    <label for=\"field_8xpwo\" class=\"frm_primary_label\"> Mare rental\r\n        <span class=\"frm_required\"><\/span>\r\n    <\/label>\r\n    <input type=\"text\" id=\"field_8xpwo\" name=\"item_meta[98]\" value=\"\"  data-invmsg=\"Uppstallning \u00e4r ogiltigt\" aria-invalid=\"false\"  \/>\r\n    \r\n    \r\n<\/div>\n<div id=\"frm_field_86_container\" class=\"frm_form_field form-field  frm_top_container frm_full\">\r\n    <label for=\"field_9jv0r14\" class=\"frm_primary_label\">Message\r\n        <span class=\"frm_required\"><\/span>\r\n    <\/label>\r\n    <textarea name=\"item_meta[86]\" id=\"field_9jv0r14\" rows=\"5\"  data-invmsg=\"Message non \u00e8 valido\" aria-invalid=\"false\"  ><\/textarea>\r\n    \r\n    \r\n<\/div>\n<div id=\"frm_field_87_container\" class=\"frm_form_field form-field  frm_none_container\">\r\n    <label for=\"g-recaptcha-response\" class=\"frm_primary_label\">Captcha\r\n        <span class=\"frm_required\"><\/span>\r\n    <\/label>\r\n    <div id=\"field_62n6q34\" class=\"g-recaptcha\" data-sitekey=\"6LfInCopAAAAALaA4Rl9n8xq8tBGuQGB7vFc4WFH\" data-size=\"normal\" data-theme=\"light\"><\/div>\r\n    \r\n    \r\n<\/div>\n\t<input type=\"hidden\" name=\"item_key\" value=\"\" \/>\n\t\t\t\t<div class=\"frm__6572eda09aa14\">\n\t\t\t\t<label for=\"frm_email_7\" >\n\t\t\t\t\tIf you are human, leave this field blank.\t\t\t\t<\/label>\n\t\t\t\t<input  id=\"frm_email_7\" type=\"text\" class=\"frm_verify\" name=\"frm__6572eda09aa14\" value=\"\" autocomplete=\"false\"  \/>\n\t\t\t<\/div>\n\t\t<input name=\"frm_state\" type=\"hidden\" value=\"XKMPLlRgTmglIfZgnv0a0WebBeHIQ4MLjTiRi5CL8JXk7KEqVON9UD17BqjyznH3\" \/><div class=\"frm_submit\">\r\n\r\n<input type=\"submit\" value=\"SEND\"  class=\"frm_final_submit\" formnovalidate=\"formnovalidate\" \/>\r\n<img class=\"frm_ajax_loading\" src=\"https:\/\/francetrotting.com\/wp-content\/plugins\/formidable\/images\/ajax_loader.gif\" alt=\"Skickar\"\/>\r\n\r\n<\/div><\/div>\n<\/fieldset>\n<\/div>\n<\/form>\n<\/div>\n[\/vc_column_text][\/vc_column][\/vc_row]\n<\/section>","protected":false},"excerpt":{"rendered":"<p>[vc_row css=&#8221;.vc_custom_1592899481672{margin-top: 20px !important;}&#8221;][vc_column][vc_column_text][\/vc_column_text][\/vc_column][\/vc_row]<\/p>\n","protected":false},"author":1,"featured_media":0,"parent":0,"menu_order":60,"comment_status":"closed","ping_status":"closed","template":"","meta":[],"acf":[],"yoast_head":"<!-- This site is optimized with the Yoast SEO plugin v19.12 - https:\/\/yoast.com\/wordpress\/plugins\/seo\/ -->\n<title>Booking Request | francetrotting<\/title>\n<meta name=\"robots\" content=\"index, follow, max-snippet:-1, max-image-preview:large, max-video-preview:-1\" \/>\n<link rel=\"canonical\" href=\"https:\/\/francetrotting.com\/it\/booking-request\/\" \/>\n<meta property=\"og:locale\" content=\"it_IT\" \/>\n<meta property=\"og:type\" content=\"article\" \/>\n<meta property=\"og:title\" content=\"Booking Request | francetrotting\" \/>\n<meta property=\"og:description\" content=\"[vc_row css=&#8221;.vc_custom_1592899481672{margin-top: 20px !important;}&#8221;][vc_column][vc_column_text][\/vc_column_text][\/vc_column][\/vc_row]\" \/>\n<meta property=\"og:url\" content=\"https:\/\/francetrotting.com\/it\/booking-request\/\" \/>\n<meta property=\"og:site_name\" content=\"francetrotting\" \/>\n<meta property=\"article:publisher\" content=\"https:\/\/sv-se.facebook.com\/hingtdepan\/\" \/>\n<meta name=\"twitter:card\" content=\"summary_large_image\" \/>\n<script type=\"application\/ld+json\" class=\"yoast-schema-graph\">{\"@context\":\"https:\/\/schema.org\",\"@graph\":[{\"@type\":\"WebPage\",\"@id\":\"https:\/\/francetrotting.com\/it\/booking-request\/\",\"url\":\"https:\/\/francetrotting.com\/it\/booking-request\/\",\"name\":\"Booking Request | francetrotting\",\"isPartOf\":{\"@id\":\"https:\/\/francetrotting.com\/it\/#website\"},\"datePublished\":\"2025-03-25T21:49:34+00:00\",\"dateModified\":\"2025-03-25T21:49:34+00:00\",\"breadcrumb\":{\"@id\":\"https:\/\/francetrotting.com\/it\/booking-request\/#breadcrumb\"},\"inLanguage\":\"it-IT\",\"potentialAction\":[{\"@type\":\"ReadAction\",\"target\":[\"https:\/\/francetrotting.com\/it\/booking-request\/\"]}]},{\"@type\":\"BreadcrumbList\",\"@id\":\"https:\/\/francetrotting.com\/it\/booking-request\/#breadcrumb\",\"itemListElement\":[{\"@type\":\"ListItem\",\"position\":1,\"name\":\"Hem\",\"item\":\"https:\/\/francetrotting.com\/it\/\"},{\"@type\":\"ListItem\",\"position\":2,\"name\":\"Booking Request\"}]},{\"@type\":\"WebSite\",\"@id\":\"https:\/\/francetrotting.com\/it\/#website\",\"url\":\"https:\/\/francetrotting.com\/it\/\",\"name\":\"francetrotting\",\"description\":\"francetrotting\",\"potentialAction\":[{\"@type\":\"SearchAction\",\"target\":{\"@type\":\"EntryPoint\",\"urlTemplate\":\"https:\/\/francetrotting.com\/it\/?s={search_term_string}\"},\"query-input\":\"required name=search_term_string\"}],\"inLanguage\":\"it-IT\"}]}<\/script>\n<!-- \/ Yoast SEO plugin. -->","yoast_head_json":{"title":"Booking Request | francetrotting","robots":{"index":"index","follow":"follow","max-snippet":"max-snippet:-1","max-image-preview":"max-image-preview:large","max-video-preview":"max-video-preview:-1"},"canonical":"https:\/\/francetrotting.com\/it\/booking-request\/","og_locale":"it_IT","og_type":"article","og_title":"Booking Request | francetrotting","og_description":"[vc_row css=&#8221;.vc_custom_1592899481672{margin-top: 20px !important;}&#8221;][vc_column][vc_column_text][\/vc_column_text][\/vc_column][\/vc_row]","og_url":"https:\/\/francetrotting.com\/it\/booking-request\/","og_site_name":"francetrotting","article_publisher":"https:\/\/sv-se.facebook.com\/hingtdepan\/","twitter_card":"summary_large_image","schema":{"@context":"https:\/\/schema.org","@graph":[{"@type":"WebPage","@id":"https:\/\/francetrotting.com\/it\/booking-request\/","url":"https:\/\/francetrotting.com\/it\/booking-request\/","name":"Booking Request | francetrotting","isPartOf":{"@id":"https:\/\/francetrotting.com\/it\/#website"},"datePublished":"2025-03-25T21:49:34+00:00","dateModified":"2025-03-25T21:49:34+00:00","breadcrumb":{"@id":"https:\/\/francetrotting.com\/it\/booking-request\/#breadcrumb"},"inLanguage":"it-IT","potentialAction":[{"@type":"ReadAction","target":["https:\/\/francetrotting.com\/it\/booking-request\/"]}]},{"@type":"BreadcrumbList","@id":"https:\/\/francetrotting.com\/it\/booking-request\/#breadcrumb","itemListElement":[{"@type":"ListItem","position":1,"name":"Hem","item":"https:\/\/francetrotting.com\/it\/"},{"@type":"ListItem","position":2,"name":"Booking Request"}]},{"@type":"WebSite","@id":"https:\/\/francetrotting.com\/it\/#website","url":"https:\/\/francetrotting.com\/it\/","name":"francetrotting","description":"francetrotting","potentialAction":[{"@type":"SearchAction","target":{"@type":"EntryPoint","urlTemplate":"https:\/\/francetrotting.com\/it\/?s={search_term_string}"},"query-input":"required name=search_term_string"}],"inLanguage":"it-IT"}]}},"_links":{"self":[{"href":"https:\/\/francetrotting.com\/it\/wp-json\/wp\/v2\/pages\/23629"}],"collection":[{"href":"https:\/\/francetrotting.com\/it\/wp-json\/wp\/v2\/pages"}],"about":[{"href":"https:\/\/francetrotting.com\/it\/wp-json\/wp\/v2\/types\/page"}],"author":[{"embeddable":true,"href":"https:\/\/francetrotting.com\/it\/wp-json\/wp\/v2\/users\/1"}],"replies":[{"embeddable":true,"href":"https:\/\/francetrotting.com\/it\/wp-json\/wp\/v2\/comments?post=23629"}],"version-history":[{"count":1,"href":"https:\/\/francetrotting.com\/it\/wp-json\/wp\/v2\/pages\/23629\/revisions"}],"predecessor-version":[{"id":23630,"href":"https:\/\/francetrotting.com\/it\/wp-json\/wp\/v2\/pages\/23629\/revisions\/23630"}],"wp:attachment":[{"href":"https:\/\/francetrotting.com\/it\/wp-json\/wp\/v2\/media?parent=23629"}],"curies":[{"name":"wp","href":"https:\/\/api.w.org\/{rel}","templated":true}]}}